{"id":736,"date":"2020-09-01T18:15:08","date_gmt":"2020-09-01T18:15:08","guid":{"rendered":"http:\/\/amateurfunk-goslar.eu\/?page_id=736"},"modified":"2021-09-30T09:00:44","modified_gmt":"2021-09-30T09:00:44","slug":"diplom-50j","status":"publish","type":"page","link":"https:\/\/amateurfunk-goslar.eu\/?page_id=736","title":{"rendered":"Diplom 50 Jahre DB\u00d8GSH  01.10. &#8211; 31.12.2020"},"content":{"rendered":"<p><img loading=\"lazy\" decoding=\"async\" class=\"aligncenter wp-image-737 size-full\" src=\"http:\/\/amateurfunk-goslar.eu\/wp-content\/uploads\/2020\/09\/Dipl50-e1599304996651.jpg\" alt=\"\" width=\"496\" height=\"350\"><\/p>\n<p style=\"text-align: center;\"><span style=\"font-size: 36px; color: #339966;\"><strong>50 Jahre DB\u00d8GSH<\/strong><\/span><\/p>\n<p style=\"text-align: left;\">Am 10. Oktober 1970 fand das erste QSO zwischen DL1AM und DJ4JI \u00fcber den wie man damals sagte , &#8222;Steinbergumsetzer&#8220; statt. DJ4JC, Manfred, hatte vorher technisches Neuland betreten und in Tag- und Nachtarbeit ein Taxifunkger\u00e4t BOSCH KFT 160 als Relaisstation umgestrickt. DJ4JIA war das Call der Anlage damals und eine von den drei ersten Relaisfunkstellen in DL. Der Steinberg im Stadtgebiet von Goslar war eine wichtige Adresse f\u00fcr die daraufhin einsetzende Relaisstellenentwicklung. Kurze Zeit sp\u00e4ter kam der erste STEINBERGBRIEF heraus und hier erfuhren die OMs erstmalig Tipps und Entwicklungen zur neuen Betriebsart. Die Steinbergtreffen halfen mit bei der einsetzenden Koordinierung der Kan\u00e4le und waren gleichzeitig ein pers\u00f6nliches Meeting der Relaisbenutzer. Viele Teams von Relaisstellenbetreibern holten sich praktische Ratschl\u00e4ge bei den OMs des Steinbergs. Mitarbeiter des Steinbergrelaisteams waren t\u00e4tig im UKW-Referat des DARC. Sie diente und dient aber auch dem umfassenden Netz des Not- und Katastrophenfunks aufgrund ihrer <span style=\"color: #000000;\">Notstromversorgung<\/span> und ihrer hervorragenden Reichweite im gesamten Nordharzgebiet. In die entsprechenden Vorsorgeplanungen ist sie eingebunden.<br \/>\nAls erste Relaisfunkstelle Deutschlands wurde \u00fcber den Steinberg ein Rundspruch abgestrahlt und dies ist auch heute nach 50 Jahren noch so. 2009 wurde die Relais-Interessen-Gemeinschaft Steinberg e.V. mit gemeinn\u00fctzigem Status gegr\u00fcndet. So kann diese f\u00fcr die Amateurfunk-Relaisstellenentwicklung in DL wichtige und allen Funkamateuren dienende Anlage hoffentlich noch recht lange ihren Dienst tun. Aktuell sind neben den FM-Relais auf 2 Meter und 70 cm eine ATV-Anlage im 10 Ghz-Band und ein APRS-Sender auf dem 2 Meter-Band in Betrieb und ein Crossbandrelais 10m \/ 70cm.<br \/>\nAus Anlass dieses Relais-Jubil\u00e4ums vergibt die Klubstation des Ortsverbandes Goslar, H\u00d89, DK0GV, vom 01. Oktober bis 31. Dezember 2020 den Sonder-DOK 50GSH, Skeds k\u00f6nnen mit mir, DF5AN, jederzeit abgesprochen, ggf auch \u00fcber E-Mail DF5AN@darc.de vereinbart werden. Ich freue mich \u00fcber viele Kontakte.<\/p>\n<p>&nbsp;<\/p>\n<p>&nbsp;<\/p>\n<p>&nbsp;<\/p>\n","protected":false},"excerpt":{"rendered":"<p>50 Jahre DB\u00d8GSH Am 10. Oktober 1970 fand das erste QSO zwischen DL1AM und DJ4JI \u00fcber den wie man damals sagte , &#8222;Steinbergumsetzer&#8220; statt. DJ4JC, Manfred, hatte vorher technisches Neuland betreten und in Tag- und Nachtarbeit ein Taxifunkger\u00e4t BOSCH KFT 160 als Relaisstation umgestrickt. DJ4JIA war das Call der Anlage damals und eine von den <a class=\"more-link\" href=\"https:\/\/amateurfunk-goslar.eu\/?page_id=736\">weiterlesen&#8230;<\/a><\/p>\n","protected":false},"author":3,"featured_media":0,"parent":0,"menu_order":0,"comment_status":"closed","ping_status":"closed","template":"","meta":{"ngg_post_thumbnail":0,"footnotes":""},"class_list":["post-736","page","type-page","status-publish","hentry"],"_links":{"self":[{"href":"https:\/\/amateurfunk-goslar.eu\/index.php?rest_route=\/wp\/v2\/pages\/736","targetHints":{"allow":["GET"]}}],"collection":[{"href":"https:\/\/amateurfunk-goslar.eu\/index.php?rest_route=\/wp\/v2\/pages"}],"about":[{"href":"https:\/\/amateurfunk-goslar.eu\/index.php?rest_route=\/wp\/v2\/types\/page"}],"author":[{"embeddable":true,"href":"https:\/\/amateurfunk-goslar.eu\/index.php?rest_route=\/wp\/v2\/users\/3"}],"replies":[{"embeddable":true,"href":"https:\/\/amateurfunk-goslar.eu\/index.php?rest_route=%2Fwp%2Fv2%2Fcomments&post=736"}],"version-history":[{"count":41,"href":"https:\/\/amateurfunk-goslar.eu\/index.php?rest_route=\/wp\/v2\/pages\/736\/revisions"}],"predecessor-version":[{"id":1214,"href":"https:\/\/amateurfunk-goslar.eu\/index.php?rest_route=\/wp\/v2\/pages\/736\/revisions\/1214"}],"wp:attachment":[{"href":"https:\/\/amateurfunk-goslar.eu\/index.php?rest_route=%2Fwp%2Fv2%2Fmedia&parent=736"}],"curies":[{"name":"wp","href":"https:\/\/api.w.org\/{rel}","templated":true}]}}