{"id":499,"date":"2020-08-27T05:53:22","date_gmt":"2020-08-27T05:53:22","guid":{"rendered":"http:\/\/amateurfunk-goslar.eu\/?page_id=499"},"modified":"2020-09-07T12:40:14","modified_gmt":"2020-09-07T12:40:14","slug":"was-ist-das-hamnet","status":"publish","type":"page","link":"https:\/\/amateurfunk-goslar.eu\/?page_id=499","title":{"rendered":"Was ist das HAMNET?"},"content":{"rendered":"<div class=\"entry-content\">\n<p>Das <span class=\"Apple-style-span\">H<\/span>ighspeed&nbsp;<span class=\"Apple-style-span\">A<\/span>mateurradio&nbsp;<span class=\"Apple-style-span\">M<\/span>ultimedia&nbsp;<span class=\"Apple-style-span\">NET<\/span>work (HamNET) ist ein \u00fcberwiegend funkbasiertes, TCPIP-gest\u00fctztes Hochgeschwindigkeitsnetz f\u00fcr Funkamateure, welches in erster Linie die Relais- und\/oder Digipeaterstandorte untereinander digital vernetzt. Als modernes, schnelles Tr\u00e4germedium bietet es eine Vielzahl von m\u00f6glichen Anwendungen. F\u00fcr den User sind Direktverbindungen mittels HF-Benutzereinstiegen untereinander (peer to peer), sowie Verbindungen zu Serverdiensten (s\u00e4mtliche Betriebsarten) und Schnittstellen zu bestehenden Amateurfunkbetriebsarten (z.B. Packet Radio) m\u00f6glich.<\/p>\n<p>HamNET verbindet:<\/p>\n<ul>\n<li>Packet Radio<\/li>\n<li>Echolink<\/li>\n<li>Instant Massaging<\/li>\n<li>VoIP<\/li>\n<li>DATV<\/li>\n<li>APRS<\/li>\n<li>DMR<\/li>\n<li>D-Star<\/li>\n<li>Sprachrelais<\/li>\n<li>u.v.m.<\/li>\n<\/ul>\n<p>Das HamNET ist ein abgeschlossenes Netzwerk f\u00fcr Amateurfunkzwecke und stellt die Kommunikation \u00fcber schnelle Richtfunkstrecken in den Vordergrund. Derzeit werden je nach Funkstrecke und eingesetzter Technik \u00dcbertragungsraten zwischen 1MBit\/s und 200 MBit\/s erreicht.&nbsp;<span class=\"Apple-style-span\">HamNET ist kein Internetersatz.&nbsp;<\/span>Jeder Funkamateur kann an diesem Netz teilnehmen: Anwender, Netzwerker, Sysops, AFU-Anwendungsentwickler egal welcher Profession. Alle verbindet eines: Verwendung von TCP\/IP als Tr\u00e4gerprotokollschicht!<\/p>\n<\/div>\n<p>(Quelle: http:\/\/www.do4bz.de)<\/p>\n","protected":false},"excerpt":{"rendered":"<p>Das Highspeed&nbsp;Amateurradio&nbsp;Multimedia&nbsp;NETwork (HamNET) ist ein \u00fcberwiegend funkbasiertes, TCPIP-gest\u00fctztes Hochgeschwindigkeitsnetz f\u00fcr Funkamateure, welches in erster Linie die Relais- und\/oder Digipeaterstandorte untereinander digital vernetzt. Als modernes, schnelles Tr\u00e4germedium bietet es eine Vielzahl von m\u00f6glichen Anwendungen. F\u00fcr den User sind Direktverbindungen mittels HF-Benutzereinstiegen untereinander (peer to peer), sowie Verbindungen zu Serverdiensten (s\u00e4mtliche Betriebsarten) und Schnittstellen zu bestehenden Amateurfunkbetriebsarten <a class=\"more-link\" href=\"https:\/\/amateurfunk-goslar.eu\/?page_id=499\">weiterlesen&#8230;<\/a><\/p>\n","protected":false},"author":3,"featured_media":0,"parent":393,"menu_order":0,"comment_status":"closed","ping_status":"closed","template":"","meta":{"ngg_post_thumbnail":0,"footnotes":""},"class_list":["post-499","page","type-page","status-publish","hentry"],"_links":{"self":[{"href":"https:\/\/amateurfunk-goslar.eu\/index.php?rest_route=\/wp\/v2\/pages\/499","targetHints":{"allow":["GET"]}}],"collection":[{"href":"https:\/\/amateurfunk-goslar.eu\/index.php?rest_route=\/wp\/v2\/pages"}],"about":[{"href":"https:\/\/amateurfunk-goslar.eu\/index.php?rest_route=\/wp\/v2\/types\/page"}],"author":[{"embeddable":true,"href":"https:\/\/amateurfunk-goslar.eu\/index.php?rest_route=\/wp\/v2\/users\/3"}],"replies":[{"embeddable":true,"href":"https:\/\/amateurfunk-goslar.eu\/index.php?rest_route=%2Fwp%2Fv2%2Fcomments&post=499"}],"version-history":[{"count":4,"href":"https:\/\/amateurfunk-goslar.eu\/index.php?rest_route=\/wp\/v2\/pages\/499\/revisions"}],"predecessor-version":[{"id":523,"href":"https:\/\/amateurfunk-goslar.eu\/index.php?rest_route=\/wp\/v2\/pages\/499\/revisions\/523"}],"up":[{"embeddable":true,"href":"https:\/\/amateurfunk-goslar.eu\/index.php?rest_route=\/wp\/v2\/pages\/393"}],"wp:attachment":[{"href":"https:\/\/amateurfunk-goslar.eu\/index.php?rest_route=%2Fwp%2Fv2%2Fmedia&parent=499"}],"curies":[{"name":"wp","href":"https:\/\/api.w.org\/{rel}","templated":true}]}}