{"id":378,"date":"2020-08-25T16:06:27","date_gmt":"2020-08-25T16:06:27","guid":{"rendered":"http:\/\/amateurfunk-goslar.eu\/?page_id=378"},"modified":"2020-08-26T17:27:00","modified_gmt":"2020-08-26T17:27:00","slug":"satzung-der-rig","status":"publish","type":"page","link":"https:\/\/amateurfunk-goslar.eu\/?page_id=378","title":{"rendered":"Satzung der Relais-Interessen-Gemeinschaft Steinberg e.V."},"content":{"rendered":"<p><strong>\u00a7 1 Name und Ziele<\/strong><\/p>\n<p>Der Verein f\u00fchrt den Namen \u201eRelais-Interessen-Gemeinschaft (RIG) Steinberg e. V.\u201c .<br \/>\nEr hat seinen Sitz in Goslar und ist unter der Nr. 200574 am 24. Juli 2009<br \/>\nin das Vereinsregister beim Amtsgericht in Braunschweig eingetragen.<br \/>\nDer Verein arbeitet kooperativ zusammen mit dem Deutschen Amateur-Radio-Club (DARC) e. V.<br \/>\n34225 Baunatal und seinen Ortsverb\u00e4nden.<\/p>\n<p>Der Verein verfolgt ausschlie\u00dflich und unmittelbar gemeinn\u00fctzige Zwecke.<\/p>\n<p>Das Gesch\u00e4ftsjahr des Vereins entspricht dem Kalenderjahr.<\/p>\n<p><strong>\u00a7 2 Aufgabenstellung<\/strong><\/p>\n<p>Das Satzungsziel ist die Unterhaltung der Amateur-Relaisfunkstelle Steinberg bei Goslar und das<br \/>\nBetreiben des internationalen Amateurfunkdienstes auf technisch-wissenschaftlicher Grundlage<br \/>\ngem\u00e4\u00df den gesetzlichen Bestimmungen.<\/p>\n<p>Die Relaisfunkstelle dient ausschlie\u00dflich der Kommunikation zwischen lizenzierten Funkamateuren<br \/>\naller Nationen im Rahmen der V\u00f6lkerverst\u00e4ndigung gem\u00e4\u00df Amateurfunkgesetz vom 14. M\u00e4rz 1949<br \/>\nund der Neufassung vom 23. Juni 1997.<\/p>\n<p>In Not- und Katastrophenf\u00e4llen k\u00f6nnen die \u00f6ffentlichen Rettungs- und Hilfsdienste bei ihren Eins\u00e4tzen<br \/>\nunterst\u00fctzt werden.<\/p>\n<p>Der Verein ist selbstlos t\u00e4tig und verfolgt keine eigenwirtschaftlichen Ziele.<br \/>\nDie Mittel werden nur f\u00fcr die satzungsgem\u00e4\u00dfen Zwecke verwendet. Die Mitglieder erhalten keine<br \/>\nZuwendungen aus Mitteln des Vereins. Weiterhin werden auch keine Personen durch Ausgaben, die<br \/>\nnicht der Unterhaltung der Amateur- Relaisfunkstelle dienen oder durch sonstige unverh\u00e4ltnism\u00e4\u00dfig<br \/>\nhohe Verg\u00fctungen, beg\u00fcnstigt.<\/p>\n<p><strong>\u00a7 3 Mitgliedschaft<\/strong><\/p>\n<p>Mitglieder des Vereins k\u00f6nnen nat\u00fcrliche Personen werden, die im Besitz einer<br \/>\nAmateurfunkgenehmigung nach dem Amateurfunkgesetz sind oder eine solche anstreben.<br \/>\nFerner gibt es f\u00f6rdernde Mitglieder, die nicht stimmberechtigt sind.<br \/>\nF\u00f6rderndes Mitglied kann jede nat\u00fcrliche oder juristische Person sein.<\/p>\n<p>Die Mitgliedschaft wird, soweit sie nicht durch die Beteiligung an der Gr\u00fcndung erworben wurde, durch<br \/>\neine schriftliche Betrittserkl\u00e4rung bewirkt.<br \/>\nF\u00fcr Minderj\u00e4hrige mu\u00df der Antrag vom gesetzlichen Vertreter unterschrieben sein.<br \/>\n\u00dcber die Aufnahme in den Verein entscheidet der Vorstand schriftlich.<br \/>\nEin einseitiger Beitritt zum Verein ist ausgeschlossen.<\/p>\n<p><strong>\u00a7 4 Beendigung der Mitgliedschaft<\/strong><\/p>\n<p>Die Mitgliedschaft endet durch Tod, Austrittserkl\u00e4rung oder Ausschlu\u00df.<\/p>\n<p>Der Austritt aus dem Verein kann nur durch schriftliche K\u00fcndigung zum Ende eines Kalenderjahres<br \/>\nerfolgen und mu\u00df sp\u00e4testens drei Monate vor Jahresende dem Vorstand vorliegen.<\/p>\n<p>Ein Vereinsmitglied kann aus dem Verein ausgeschlossen werden, wenn ein wichtiger Grund vorliegt.<br \/>\nAls wichtiger Grund gilt insbesondere die Beeintr\u00e4chtigung des Ansehens oder der Interessen des<br \/>\nVereins. Bei Beitragsr\u00fcckstand kann ebenfalls ein Ausschlu\u00df erfolgen.<\/p>\n<p>\u00dcber den Ausschlu\u00df entscheidet der Vorstand.<br \/>\nSein Beschlu\u00df wird dem betroffenen Mitglied schriftlich mitgeteilt.<\/p>\n<p><strong>\u00a7 5 Mitgliedsbeitrag<\/strong><\/p>\n<p>Die H\u00f6he des Mitgliedsbeitrages wird durch die Mitgliederversammlung festgelegt.<br \/>\nDer Mitgliedsbeitrag wird bis zum 31. Januar eines jeden Kalenderjahres durch erteilten Bankeinzug<br \/>\nerhoben oder ist auf das Vereinskonto zu \u00fcberweisen.<br \/>\n\u00dcber Beitragserm\u00e4\u00dfigungen entscheidet der Vorstand.<\/p>\n<p><strong>\u00a7 6 Organe<\/strong><\/p>\n<p>Organe des Vereins sind die Mitgliederversammlung und der Vorstand.<\/p>\n<p>Auf Beschlu\u00df der Mitgliederversammlung k\u00f6nnen weitere organisatorische Einrichtungen,<br \/>\ninsbesondere Aussch\u00fcsse mit besonderen Aufgaben, geschaffen werden.<\/p>\n<p><strong>\u00a7 7 Mitgliederversammlung<\/strong><\/p>\n<p>Es findet mindestens einmal j\u00e4hrlich eine ordentliche Mitgliederversammlung statt.<br \/>\nBei Bedarf kann der Vorstand zu weiteren Versammlungen einladen.<\/p>\n<p>Sie werden schriftlich oder per E-Mail sp\u00e4testens 4 Wochen vorher vom Vorstand unter Bekanntgabe<br \/>\nder Tagesordnung einberufen.<\/p>\n<p>Jede fristgem\u00e4\u00df einberufene Mitgliederversammlung ist ohne R\u00fccksicht auf die Zahl der erschienenen<br \/>\nMitglieder f\u00fcr die bekanntgegebene Tagesordnung beschlu\u00dff\u00e4hig.<br \/>\nSp\u00e4tere Erg\u00e4nzungen der Tagesordnung bed\u00fcrfen der Zulassung durch Beschlu\u00df der<br \/>\nMitgliederversammlung.<\/p>\n<p>Die Mitgliederversammlung wird vom Vorsitzenden oder einem anderen Vorstandsmitglied geleitet.<br \/>\nIn der Mitgliederversammlung sind alle Vereinsmitglieder \u00fcber 16 Jahre stimmberechtigt.<br \/>\nBei Abstimmungen entscheidet, soweit nichts anderes bestimmt ist, die einfache Mehrheit<br \/>\nder g\u00fcltigen Stimmen.<\/p>\n<p>Bei Stimmengleichheit gilt ein Antrag als abgelehnt.<\/p>\n<p>Die Mitgliederversammlung beschlie\u00dft die Entlastung des Vorstandes und mit 2\/3-Mehrheit \u00fcber<br \/>\nSatzungs\u00e4nderungen.<\/p>\n<p>Durch Beschlu\u00df der Mitgliederversammlung mit \u00be-Mehrheit kann jedes Vorstandsmitglied abberufen<br \/>\nwerden. Der Antrag mu\u00df von mindestens einem Drittel der Vereinsmitglieder schriftlich gestellt<br \/>\nwerden. Gleichzeitig ist eine Nachwahl erforderlich.<br \/>\nDie Abwahl ist ung\u00fcltig, wenn die Mitgliederversammlung keinen Nachfolger w\u00e4hlt.<\/p>\n<p>Eine au\u00dferordentliche Mitgliederversammlung ist zu berufen, wenn mindestens ein Drittel aller<br \/>\nMitglieder die Berufung schriftlich unter Angabe des Zweckes oder der Gr\u00fcnde verlangt.<br \/>\nDie Versammlung hat innerhalb von vier Wochen nach Vorlage der Unterschriftensammlung<br \/>\nstattzufinden.<\/p>\n<p>\u00dcber jede Mitgliederversammlung wird ein Protokoll gefertigt.<br \/>\nDer Protokollf\u00fchrer wird aus der Versammlung gew\u00e4hlt.<br \/>\nDas Protokoll ist vom Versammlungsleiter und dem Protokollf\u00fchrer zu unterzeichnen.<\/p>\n<p><strong>\u00a7 8 Vorstand<\/strong><\/p>\n<p>Der Vorstand besteht aus drei Personen:<\/p>\n<p>dem Vorsitzenden,<br \/>\ndem Schatzmeister,<br \/>\ndem Relaisverantwortlichen.<\/p>\n<p>Sie sind Vorstand im Sinne des \u00a7 26 BGB. Jeder ist allein vertretungsberechtigt.<br \/>\nIm Innenverh\u00e4ltnis darf der Schatzmeister oder der Relaisverantwortliche den Vorsitzenden nur<br \/>\nvertreten, wenn dieser verhindert ist.<br \/>\nDer Vorstand gibt sich eine Gesch\u00e4ftsordnung.<br \/>\nNach Bedarf kann der Vorstand durch Beschlu\u00df der Mitgliederversammlung erweitert werden.<br \/>\nDer Vorstand wird f\u00fcr zwei Jahre von der Mitgliederversammlung gew\u00e4hlt.<\/p>\n<p>Bis zur Wahl eines neuen Vorstandes bleibt der bisherige Vorstand im Amt.<\/p>\n<p><strong>\u00a7 9 Haftung<\/strong><\/p>\n<p>F\u00fcr Verbindlichkeiten haftet der Verein ausschlie\u00dflich mit seinem Verm\u00f6gen.<br \/>\nEine pers\u00f6nliche Haftung der Mitglieder f\u00fcr die Verbindlichkeiten des Vereins besteht nicht.<\/p>\n<p><strong>\u00a7 10 Aufl\u00f6sung<\/strong><\/p>\n<p>Die Aufl\u00f6sung der Vereins kann nur von einer eigens hierf\u00fcr einberufenen Mitgliederversammlung mit<br \/>\n2\/3-Mehrheit der Anwesenden beschlossen werden.<\/p>\n<p>Bei Aufl\u00f6sung oder Aufhebung des Vereins oder bei Wegfall steuerbeg\u00fcnstigter Zwecke f\u00e4llt das<br \/>\nVerm\u00f6gen des Vereins an den DARC e.V. Baunatal, Distrikt \u201eH\u201c Niedersachsen, der es unmittelbar<br \/>\nund ausschlie\u00dflich f\u00fcr gemeinn\u00fctzige Zwecke im Amateurfunk ( z. B. Unterhalt von Relaisfunkstellen)<br \/>\nzu verwenden hat.<\/p>\n<p><strong>\u00a7 11 Inkrafttreten<\/strong><\/p>\n<p>Diese Fassung der Satzung wurde am 14. Juni 2009 durch die Mitgliederversammlung beschlossen.<br \/>\nSie tritt mit der Eintragung in das Vereinsregister in Kraft.<\/p>\n<p><strong>Anmerkung:<\/strong><\/p>\n<p>Die Fassung der Satzung wurde am 24. 7. 2009 in das Vereinsregister beim Amtsgericht<br \/>\nBraunschweig eingetragen.<\/p>\n<p>unterschrieben:<\/p>\n<p>1. Haselbach, Martin DC8MH<\/p>\n<p>2. Wei\u00dfer, Dr. G\u00fcnter DJ6RL<\/p>\n<p>3. Hartmann, Hans DF5AN<\/p>\n<p>4. Helmbrecht, Klaus DJ4JI<\/p>\n<p>5. Oppermann, Mathias DG6ABK<\/p>\n<p>6. Kaufmann, Adalbert DJ3KM<\/p>\n<p>7. Skowronek, Ernest DK6KJ<\/p>\n","protected":false},"excerpt":{"rendered":"<p>\u00a7 1 Name und Ziele Der Verein f\u00fchrt den Namen \u201eRelais-Interessen-Gemeinschaft (RIG) Steinberg e. V.\u201c . Er hat seinen Sitz in Goslar und ist unter der Nr. 200574 am 24. Juli 2009 in das Vereinsregister beim Amtsgericht in Braunschweig eingetragen. Der Verein arbeitet kooperativ zusammen mit dem Deutschen Amateur-Radio-Club (DARC) e. V. 34225 Baunatal und <a class=\"more-link\" href=\"https:\/\/amateurfunk-goslar.eu\/?page_id=378\">weiterlesen&#8230;<\/a><\/p>\n","protected":false},"author":1,"featured_media":0,"parent":110,"menu_order":4,"comment_status":"closed","ping_status":"closed","template":"","meta":{"ngg_post_thumbnail":0,"footnotes":""},"class_list":["post-378","page","type-page","status-publish","hentry"],"_links":{"self":[{"href":"https:\/\/amateurfunk-goslar.eu\/index.php?rest_route=\/wp\/v2\/pages\/378","targetHints":{"allow":["GET"]}}],"collection":[{"href":"https:\/\/amateurfunk-goslar.eu\/index.php?rest_route=\/wp\/v2\/pages"}],"about":[{"href":"https:\/\/amateurfunk-goslar.eu\/index.php?rest_route=\/wp\/v2\/types\/page"}],"author":[{"embeddable":true,"href":"https:\/\/amateurfunk-goslar.eu\/index.php?rest_route=\/wp\/v2\/users\/1"}],"replies":[{"embeddable":true,"href":"https:\/\/amateurfunk-goslar.eu\/index.php?rest_route=%2Fwp%2Fv2%2Fcomments&post=378"}],"version-history":[{"count":8,"href":"https:\/\/amateurfunk-goslar.eu\/index.php?rest_route=\/wp\/v2\/pages\/378\/revisions"}],"predecessor-version":[{"id":498,"href":"https:\/\/amateurfunk-goslar.eu\/index.php?rest_route=\/wp\/v2\/pages\/378\/revisions\/498"}],"up":[{"embeddable":true,"href":"https:\/\/amateurfunk-goslar.eu\/index.php?rest_route=\/wp\/v2\/pages\/110"}],"wp:attachment":[{"href":"https:\/\/amateurfunk-goslar.eu\/index.php?rest_route=%2Fwp%2Fv2%2Fmedia&parent=378"}],"curies":[{"name":"wp","href":"https:\/\/api.w.org\/{rel}","templated":true}]}}