{"id":269,"date":"2020-08-24T06:35:06","date_gmt":"2020-08-24T06:35:06","guid":{"rendered":"http:\/\/amateurfunk-goslar.eu\/?page_id=269"},"modified":"2026-03-01T18:44:06","modified_gmt":"2026-03-01T18:44:06","slug":"willkommen-bei-der-rig-steinberg-e-v","status":"publish","type":"page","link":"https:\/\/amateurfunk-goslar.eu\/","title":{"rendered":"Willkommen bei der RIG-Steinberg e.V."},"content":{"rendered":"<p>(Die <strong>R<\/strong>elais \u2013 <strong>I<\/strong>nteressen \u2013 <strong>G<\/strong>emeinschaft Steinberg e.V.)<\/p>\n<p>Unser Internetauftritt richtet sich sowohl an<\/p>\n<ul>\n<li>Mitglieder der RIG<\/li>\n<li>Mitglieder des Ortsverbands (OV Goslar H\u00d89)<\/li>\n<li>Interessierte am Amateurfunk (Einsteiger)<\/li>\n<li>Funkamateure mit Themen rund um das Hobby<\/li>\n<li><a href=\"https:\/\/amateurfunk-goslar.eu\/?page_id=1299\">Link direkt zu unserer Webcam DB\u00d8GSH Steinbergrelais<\/a><\/li>\n<li><a href=\"https:\/\/amateurfunk-goslar.eu\/?page_id=110\"><strong>Spendenkonto:Volksbank Seesen, Harz IBAN: DE65 2789 3760 5054 8522 00 BIC: GENODEF1SES<\/strong><\/a><\/li>\n<\/ul>\n<p>F\u00fcr jede Zielgruppe haben wir ein entsprechendes Men\u00fc eingerichtet (siehe oben).<br \/>\nLernt uns und unsere Gemeinschaft rund um den Amateurfunk kennen und schaut mal vorbei,<br \/>\nwir freuen uns!<\/p>\n","protected":false},"excerpt":{"rendered":"<p>(Die Relais \u2013 Interessen \u2013 Gemeinschaft Steinberg e.V.) Unser Internetauftritt richtet sich sowohl an Mitglieder der RIG Mitglieder des Ortsverbands (OV Goslar H\u00d89) Interessierte am Amateurfunk (Einsteiger) Funkamateure mit Themen rund um das Hobby Link direkt zu unserer Webcam DB\u00d8GSH Steinbergrelais Spendenkonto:Volksbank Seesen, Harz IBAN: DE65 2789 3760 5054 8522 00 BIC: GENODEF1SES F\u00fcr jede <a class=\"more-link\" href=\"https:\/\/amateurfunk-goslar.eu\/\">weiterlesen&#8230;<\/a><\/p>\n","protected":false},"author":1,"featured_media":0,"parent":0,"menu_order":0,"comment_status":"closed","ping_status":"closed","template":"","meta":{"ngg_post_thumbnail":0,"footnotes":""},"class_list":["post-269","page","type-page","status-publish","hentry"],"_links":{"self":[{"href":"https:\/\/amateurfunk-goslar.eu\/index.php?rest_route=\/wp\/v2\/pages\/269","targetHints":{"allow":["GET"]}}],"collection":[{"href":"https:\/\/amateurfunk-goslar.eu\/index.php?rest_route=\/wp\/v2\/pages"}],"about":[{"href":"https:\/\/amateurfunk-goslar.eu\/index.php?rest_route=\/wp\/v2\/types\/page"}],"author":[{"embeddable":true,"href":"https:\/\/amateurfunk-goslar.eu\/index.php?rest_route=\/wp\/v2\/users\/1"}],"replies":[{"embeddable":true,"href":"https:\/\/amateurfunk-goslar.eu\/index.php?rest_route=%2Fwp%2Fv2%2Fcomments&post=269"}],"version-history":[{"count":39,"href":"https:\/\/amateurfunk-goslar.eu\/index.php?rest_route=\/wp\/v2\/pages\/269\/revisions"}],"predecessor-version":[{"id":1659,"href":"https:\/\/amateurfunk-goslar.eu\/index.php?rest_route=\/wp\/v2\/pages\/269\/revisions\/1659"}],"wp:attachment":[{"href":"https:\/\/amateurfunk-goslar.eu\/index.php?rest_route=%2Fwp%2Fv2%2Fmedia&parent=269"}],"curies":[{"name":"wp","href":"https:\/\/api.w.org\/{rel}","templated":true}]}}