{"id":224,"date":"2020-08-10T18:50:33","date_gmt":"2020-08-10T18:50:33","guid":{"rendered":"http:\/\/amateurfunk-goslar.eu\/?page_id=224"},"modified":"2022-05-29T17:12:35","modified_gmt":"2022-05-29T17:12:35","slug":"einstieg-ins-hobby","status":"publish","type":"page","link":"https:\/\/amateurfunk-goslar.eu\/?page_id=224","title":{"rendered":"Einstieg ins Hobby"},"content":{"rendered":"<p>Diese Seite richtet sich an Einsteiger im Amateurfunk. Gewinne auf den Einsteigerseiten einen ersten Eindruck von unserem weltumspannenden Hobby!<\/p>\n<p>Der Ortsverband Goslar H09 ist Mitglied des <a title=\"DARC e.V.\" href=\"http:\/\/www.darc.de\" target=\"_blank\" rel=\"noopener noreferrer\">Deutschen Amateur Radio Club<\/a> e.V. (DARC e.V.) und ist dem Distrikt Niedersachsen zugeordnet.<\/p>\n<p>Neben der M\u00f6glichkeit, Funkkontakt in alle Welt aufzunehmen, d\u00fcrfen Funkamateure Funkger\u00e4te selbst bauen, modifizieren und weiterentwickeln. Ein Hobby f\u00fcr technikinteressierte Bastler und kommunikative &#8222;Weltenbummler&#8220;.<\/p>\n<p>Auf diesen Seiten werden unter anderem auch Begriffe aus der Welt des Amateurfunks einfach verst\u00e4ndlich erkl\u00e4rt. Weiterhin stellen wir Betriebs- und Sendearten rund um den Amateurfunk vor.<\/p>\n<p>Bei Fragen kannst Du gerne auf unsere Mitglieder zukommen oder uns bei unseren regelm\u00e4\u00dfgen Treffen besuchen.<\/p>\n<p>Wir helfen Dir gerne weiter!<\/p>\n<p>&nbsp;<\/p>\n<p>&nbsp;<\/p>\n","protected":false},"excerpt":{"rendered":"<p>Diese Seite richtet sich an Einsteiger im Amateurfunk. Gewinne auf den Einsteigerseiten einen ersten Eindruck von unserem weltumspannenden Hobby! Der Ortsverband Goslar H09 ist Mitglied des Deutschen Amateur Radio Club e.V. (DARC e.V.) und ist dem Distrikt Niedersachsen zugeordnet. Neben der M\u00f6glichkeit, Funkkontakt in alle Welt aufzunehmen, d\u00fcrfen Funkamateure Funkger\u00e4te selbst bauen, modifizieren und weiterentwickeln. <a class=\"more-link\" href=\"https:\/\/amateurfunk-goslar.eu\/?page_id=224\">weiterlesen&#8230;<\/a><\/p>\n","protected":false},"author":1,"featured_media":0,"parent":153,"menu_order":4,"comment_status":"closed","ping_status":"closed","template":"","meta":{"ngg_post_thumbnail":0,"footnotes":""},"class_list":["post-224","page","type-page","status-publish","hentry"],"_links":{"self":[{"href":"https:\/\/amateurfunk-goslar.eu\/index.php?rest_route=\/wp\/v2\/pages\/224","targetHints":{"allow":["GET"]}}],"collection":[{"href":"https:\/\/amateurfunk-goslar.eu\/index.php?rest_route=\/wp\/v2\/pages"}],"about":[{"href":"https:\/\/amateurfunk-goslar.eu\/index.php?rest_route=\/wp\/v2\/types\/page"}],"author":[{"embeddable":true,"href":"https:\/\/amateurfunk-goslar.eu\/index.php?rest_route=\/wp\/v2\/users\/1"}],"replies":[{"embeddable":true,"href":"https:\/\/amateurfunk-goslar.eu\/index.php?rest_route=%2Fwp%2Fv2%2Fcomments&post=224"}],"version-history":[{"count":6,"href":"https:\/\/amateurfunk-goslar.eu\/index.php?rest_route=\/wp\/v2\/pages\/224\/revisions"}],"predecessor-version":[{"id":1400,"href":"https:\/\/amateurfunk-goslar.eu\/index.php?rest_route=\/wp\/v2\/pages\/224\/revisions\/1400"}],"up":[{"embeddable":true,"href":"https:\/\/amateurfunk-goslar.eu\/index.php?rest_route=\/wp\/v2\/pages\/153"}],"wp:attachment":[{"href":"https:\/\/amateurfunk-goslar.eu\/index.php?rest_route=%2Fwp%2Fv2%2Fmedia&parent=224"}],"curies":[{"name":"wp","href":"https:\/\/api.w.org\/{rel}","templated":true}]}}