{"id":194,"date":"2020-08-10T07:55:16","date_gmt":"2020-08-10T07:55:16","guid":{"rendered":"http:\/\/amateurfunk-goslar.eu\/?page_id=194"},"modified":"2021-09-12T16:26:47","modified_gmt":"2021-09-12T16:26:47","slug":"ukw-relais-steinberg","status":"publish","type":"page","link":"https:\/\/amateurfunk-goslar.eu\/?page_id=194","title":{"rendered":"UKW Relais Steinberg"},"content":{"rendered":"<p>Das &#8222;Herzst\u00fcck&#8220; der Steinbergrelais DB0GSH auf 145.675 Mhz bzw. 438.900 Mhz<br \/>\nsind die beiden im Dezember 2017 angeschafften Yaesu DR-1XE Repeater. Diese wurden als Ersatz f\u00fcr die aus den 80er Jahren stammende Relaistechnik beschafft. Zusammen mit den beiden Schaltnetzteilen haben sie den Stromverbrauch der Relaisfunkstelle erheblich reduziert.<\/p>\n<p>Seit der Inbetriebnahme im Dezember 2017 durch DH1AAI (Ulf) und DO3GSM (Markus),ben\u00f6tigt man zum Auftasten der Steinbergrelais keinen 1750 Hz Rufton mehr. Die beiden Ger\u00e4te arbeiten mit Tr\u00e4gersteuerung, d.h. das Auftasten erfolgt einfach durch dr\u00fccken der PTT.<\/p>\n<p>Der Tranceiver zwischen den beiden Netzteilen ist von G\u00fcnter (DJ6RL\u2020) gesponsort&nbsp; worden. Dieser ist als Crossbandrepeater programmiert und erlaubt das Umsetzen von 70cm (432,875 Mhz) nach 10m (29,610 Mhz) und umgekehrt.<br \/>\nF\u00fcr den Einstieg von der&nbsp; 10m-Seite aus, ist ein 88,5 Hz Subtone erforderlich.<\/p>\n<p style=\"text-align: left;\"><img decoding=\"async\" class=\"ngg-singlepic ngg-none aligncenter\" src=\"http:\/\/amateurfunk-goslar.eu\/wp-content\/gallery\/steinbergrelais\/EKW_Relais.jpg\" alt=\"EKW_Relais\">&nbsp;&nbsp;&nbsp;&nbsp;&nbsp;&nbsp;&nbsp;&nbsp;&nbsp;&nbsp;&nbsp;&nbsp;&nbsp;&nbsp;&nbsp;&nbsp;&nbsp;&nbsp;&nbsp;&nbsp;&nbsp;&nbsp;&nbsp;&nbsp;&nbsp;&nbsp;<\/p>\n<p style=\"text-align: center;\">Hier ist die Relaisfernsteuerung (Bild unten) zu sehen. Diese dient zur Notabschaltung<br \/>\nder Relaisanlage bei St\u00f6rungen oder Daueraussendungen.<\/p>\n<p><img decoding=\"async\" class=\"ngg-singlepic ngg-none aligncenter\" src=\"http:\/\/amateurfunk-goslar.eu\/wp-content\/gallery\/steinbergrelais\/Fernsteuerung_Relais.jpg\" alt=\"Fernsteuerung_Relais\"><\/p>\n<p style=\"text-align: left;\">Die Filtereinsch\u00fcbe der alten Relaistechnik wurden nat\u00fcrlich &#8222;recycelt&#8220;. Da solche Filter etliche hundert Euro kosten, wurden sie nat\u00fcrlich in der neuen Anlage wieder verwendet. Nur der Empfangsvorverst\u00e4rker des 70cm Relais musste entfernt werden. Dieser hat den Eingangspegel am Empf\u00e4ngereingang des neuen Relais so erh\u00f6ht, das dieses komplett \u00fcbersteuert wurde und abgeregelt hat. Nach Ausbau des Vorverst\u00e4rkers funktionierte das Relais wie erwartet.<\/p>\n<p style=\"text-align: left;\">Im August 2020 wurde eine Wind-\/Solaranlage installiert, die aus aus zwei Solarpanels und einem Windrad besteht. Die max. Gesamtleistung betr\u00e4gt 275W (240W Solar- und 35 W Windenergie)<\/p>\n<p style=\"text-align: left;\">Die Steuerung der Solaranlage mit implementierter Netzsteuerung, soll heissen, dass die Netzteile bei Akkubetrieb netzseitig ausgeschaltet sind, hat Bernd (DB2AG) entworfen und realisiert. Wir bedanken uns bei Bernd, denn diese Steuerung gibt es nicht fertig zu kaufen.<\/p>\n<p>&nbsp;<\/p>\n<p><img loading=\"lazy\" decoding=\"async\" class=\"aligncenter wp-image-694 size-full\" src=\"http:\/\/amateurfunk-goslar.eu\/wp-content\/uploads\/2020\/09\/slider1.jpg\" alt=\"\" width=\"733\" height=\"550\"><\/p>\n","protected":false},"excerpt":{"rendered":"<p>Das &#8222;Herzst\u00fcck&#8220; der Steinbergrelais DB0GSH auf 145.675 Mhz bzw. 438.900 Mhz sind die beiden im Dezember 2017 angeschafften Yaesu DR-1XE Repeater. Diese wurden als Ersatz f\u00fcr die aus den 80er Jahren stammende Relaistechnik beschafft. Zusammen mit den beiden Schaltnetzteilen haben sie den Stromverbrauch der Relaisfunkstelle erheblich reduziert. Seit der Inbetriebnahme im Dezember 2017 durch DH1AAI <a class=\"more-link\" href=\"https:\/\/amateurfunk-goslar.eu\/?page_id=194\">weiterlesen&#8230;<\/a><\/p>\n","protected":false},"author":1,"featured_media":0,"parent":175,"menu_order":1,"comment_status":"closed","ping_status":"closed","template":"","meta":{"ngg_post_thumbnail":0,"footnotes":""},"class_list":["post-194","page","type-page","status-publish","hentry"],"_links":{"self":[{"href":"https:\/\/amateurfunk-goslar.eu\/index.php?rest_route=\/wp\/v2\/pages\/194","targetHints":{"allow":["GET"]}}],"collection":[{"href":"https:\/\/amateurfunk-goslar.eu\/index.php?rest_route=\/wp\/v2\/pages"}],"about":[{"href":"https:\/\/amateurfunk-goslar.eu\/index.php?rest_route=\/wp\/v2\/types\/page"}],"author":[{"embeddable":true,"href":"https:\/\/amateurfunk-goslar.eu\/index.php?rest_route=\/wp\/v2\/users\/1"}],"replies":[{"embeddable":true,"href":"https:\/\/amateurfunk-goslar.eu\/index.php?rest_route=%2Fwp%2Fv2%2Fcomments&post=194"}],"version-history":[{"count":25,"href":"https:\/\/amateurfunk-goslar.eu\/index.php?rest_route=\/wp\/v2\/pages\/194\/revisions"}],"predecessor-version":[{"id":549,"href":"https:\/\/amateurfunk-goslar.eu\/index.php?rest_route=\/wp\/v2\/pages\/194\/revisions\/549"}],"up":[{"embeddable":true,"href":"https:\/\/amateurfunk-goslar.eu\/index.php?rest_route=\/wp\/v2\/pages\/175"}],"wp:attachment":[{"href":"https:\/\/amateurfunk-goslar.eu\/index.php?rest_route=%2Fwp%2Fv2%2Fmedia&parent=194"}],"curies":[{"name":"wp","href":"https:\/\/api.w.org\/{rel}","templated":true}]}}