{"id":181,"date":"2020-08-10T07:27:07","date_gmt":"2020-08-10T07:27:07","guid":{"rendered":"http:\/\/amateurfunk-goslar.eu\/?page_id=181"},"modified":"2020-09-05T12:40:14","modified_gmt":"2020-09-05T12:40:14","slug":"historie-vom-steinberg","status":"publish","type":"page","link":"https:\/\/amateurfunk-goslar.eu\/?page_id=181","title":{"rendered":"Historie vom Steinberg"},"content":{"rendered":"<p><strong>Die Geschichte des Steinberg-Relais<\/strong><\/p>\n<p>&nbsp;<\/p>\n<p>Das Steinbergrelais bei Goslar, geh\u00f6rt zu den \u00e4ltesten Relaisfunkstellen in Deutschland und ging als drittes Relais in Deutschland auf Sendung. Damals mit zwei umgebauten Taxifunkger\u00e4ten vom Typ Bosch KFT-160. Es war das dritte Relais in Deutschland nach dem Moritzberg (N\u00fcrnberg) und dem Zugspitzrelais. Die Technik wurde von DJ4JC gebaut und bereitgestellt.<\/p>\n<p>&nbsp; <a class=\"ngg-simplelightbox\" title=\" \" href=\"http:\/\/amateurfunk-goslar.eu\/wp-content\/gallery\/steinbergrelais\/Relais-alt.jpg\" data-image-id=\"9\" data-src=\"http:\/\/amateurfunk-goslar.eu\/wp-content\/gallery\/steinbergrelais\/Relais-alt.jpg\" data-thumbnail=\"http:\/\/amateurfunk-goslar.eu\/wp-content\/gallery\/steinbergrelais\/thumbs\/thumbs_Relais-alt.jpg\" data-title=\"Relais-alt\" data-description=\" \"> &nbsp;<\/a><a class=\"ngg-simplelightbox\" href=\"http:\/\/amateurfunk-goslar.eu\/wp-content\/gallery\/steinbergrelais\/Relais-alt.jpg\"><img loading=\"lazy\" decoding=\"async\" class=\"ngg-singlepic ngg-none alignleft\" src=\"http:\/\/amateurfunk-goslar.eu\/wp-content\/gallery\/steinbergrelais\/thumbs\/thumbs_Relais-alt.jpg\" alt=\"Relais-alt\" width=\"240\" height=\"160\"><\/a><\/p>\n<p>&nbsp; &nbsp; &nbsp; &nbsp; &nbsp; &nbsp; &nbsp;<\/p>\n<p>altes UKW-Relais&nbsp; &nbsp; &nbsp;<\/p>\n<p>&nbsp;<\/p>\n<p>&nbsp; &nbsp; &nbsp; &nbsp; &nbsp; &nbsp; &nbsp; &nbsp; &nbsp; &nbsp; &nbsp; &nbsp; &nbsp; &nbsp; &nbsp; &nbsp;&nbsp;<img loading=\"lazy\" decoding=\"async\" class=\"ngg-singlepic ngg-none alignleft\" src=\"http:\/\/amateurfunk-goslar.eu\/wp-content\/gallery\/steinbergrelais\/thumbs\/thumbs_ATV_Schrank.jpg\" alt=\"Relais-alt\" width=\"240\" height=\"160\">&nbsp; &nbsp; &nbsp; &nbsp; &nbsp; &nbsp; &nbsp; &nbsp; &nbsp; &nbsp; &nbsp; &nbsp; &nbsp; &nbsp; &nbsp; &nbsp; &nbsp; &nbsp; &nbsp; &nbsp; &nbsp; &nbsp; &nbsp; &nbsp;<\/p>\n<p>&nbsp;<\/p>\n<p>Altes ATV-Relais<\/p>\n<p>&nbsp;<\/p>\n<p>&nbsp;<\/p>\n<p>Am 10. Oktober 1970 fand das erste QSO zwischen DL1AM und DJ4JI \u00fcber den wie man damals sagte , &#8222;Steinbergumsetzer&#8220; statt. DJ4JC, Manfred, hatte vorher technisches Neuland betreten und in Tag- und Nachtarbeit ein Taxifunkger\u00e4t BOSCH KFT-160 als Relaisstation umgestrickt. DJ4JIA war das Call der Anlage damals und eine von den drei ersten Relaisfunkstellen in DL. &nbsp;Der Steinberg im Stadtgebiet von Goslar war eine wichtige Adresse f\u00fcr die daraufhin einsetzende Relaisstellenentwicklung. Kurze Zeit sp\u00e4ter kam der erste STEINBERGBRIEF heraus und hier erfuhren die OMs erstmalig Tipps und Entwicklungen zur neuen Betriebsart. Der Steinbergbrief erschien zuweilen in ein Auflage von 2000 St\u00fcck. Die Steinbergtreffen halfen mit bei der einsetzenden Koordinierung der Kan\u00e4le und waren gleichzeitig ein pers\u00f6nliches Meeting der Relaisbenutzer. Viele Teams von Relaisstellenbetreibern holten sich praktische Ratschl\u00e4ge &nbsp;bei den OMs des Steinbergs. Mitarbeiter des Steinbergrelaisteams waren t\u00e4tig im UKW-Referat des DARC. Sie diente und dient aber auch dem umfassenden Netz des Not- und Katastrophenfunks aufgrund ihrer Notstromversorgung und ihrer hervorragenden Reichweite im gesamten Nordharzgebiet. In die entsprechenden Vorsorgeplanungen ist sie eingebunden.<\/p>\n<div>\n<p>Als erste Relaisfunkstelle Deutschlands wurde \u00fcber den Steinberg ein Rundspruch abgestrahlt und dies ist auch heute nach 50 Jahren noch so. 2009 wurde die Relais-Interessen-Gemeinschaft Steinberg e. V mit gemeinnu\u00fctzigem Status gegr\u00fcndet. So kann diese f\u00fcr die Amateurfunk-Relaisstellenentwicklung in DL wichtige und allen Funkamateuren dienende Anlage hoffentlich noch recht lange ihren Dienst tun. Aktuell sind neben den FM-Relais auf 2 Meter und 70 cm eine ATV-Anlage im 10 Ghz-Band &nbsp;und ein APRS-Sender auf dem 2 Meter-Band in Betrieb.<\/p>\n<p>In den 80er Jahren wurde die Technik erneuert und in einen kommerziellen Ger\u00e4teschrank eingebaut.<\/p>\n<\/div>\n","protected":false},"excerpt":{"rendered":"<p>Die Geschichte des Steinberg-Relais &nbsp; Das Steinbergrelais bei Goslar, geh\u00f6rt zu den \u00e4ltesten Relaisfunkstellen in Deutschland und ging als drittes Relais in Deutschland auf Sendung. Damals mit zwei umgebauten Taxifunkger\u00e4ten vom Typ Bosch KFT-160. Es war das dritte Relais in Deutschland nach dem Moritzberg (N\u00fcrnberg) und dem Zugspitzrelais. Die Technik wurde von DJ4JC gebaut und <a class=\"more-link\" href=\"https:\/\/amateurfunk-goslar.eu\/?page_id=181\">weiterlesen&#8230;<\/a><\/p>\n","protected":false},"author":1,"featured_media":0,"parent":156,"menu_order":5,"comment_status":"closed","ping_status":"closed","template":"","meta":{"ngg_post_thumbnail":0,"footnotes":""},"class_list":["post-181","page","type-page","status-publish","hentry"],"_links":{"self":[{"href":"https:\/\/amateurfunk-goslar.eu\/index.php?rest_route=\/wp\/v2\/pages\/181","targetHints":{"allow":["GET"]}}],"collection":[{"href":"https:\/\/amateurfunk-goslar.eu\/index.php?rest_route=\/wp\/v2\/pages"}],"about":[{"href":"https:\/\/amateurfunk-goslar.eu\/index.php?rest_route=\/wp\/v2\/types\/page"}],"author":[{"embeddable":true,"href":"https:\/\/amateurfunk-goslar.eu\/index.php?rest_route=\/wp\/v2\/users\/1"}],"replies":[{"embeddable":true,"href":"https:\/\/amateurfunk-goslar.eu\/index.php?rest_route=%2Fwp%2Fv2%2Fcomments&post=181"}],"version-history":[{"count":15,"href":"https:\/\/amateurfunk-goslar.eu\/index.php?rest_route=\/wp\/v2\/pages\/181\/revisions"}],"predecessor-version":[{"id":834,"href":"https:\/\/amateurfunk-goslar.eu\/index.php?rest_route=\/wp\/v2\/pages\/181\/revisions\/834"}],"up":[{"embeddable":true,"href":"https:\/\/amateurfunk-goslar.eu\/index.php?rest_route=\/wp\/v2\/pages\/156"}],"wp:attachment":[{"href":"https:\/\/amateurfunk-goslar.eu\/index.php?rest_route=%2Fwp%2Fv2%2Fmedia&parent=181"}],"curies":[{"name":"wp","href":"https:\/\/api.w.org\/{rel}","templated":true}]}}