{"id":175,"date":"2020-08-10T07:22:13","date_gmt":"2020-08-10T07:22:13","guid":{"rendered":"http:\/\/amateurfunk-goslar.eu\/?page_id=175"},"modified":"2025-03-30T11:09:58","modified_gmt":"2025-03-30T11:09:58","slug":"technik","status":"publish","type":"page","link":"https:\/\/amateurfunk-goslar.eu\/?page_id=175","title":{"rendered":"Technik vom Steinberg"},"content":{"rendered":"<p><strong>Die Technik des &#8222;Steinbergrelais&#8220;<\/strong><\/p>\n<p>&nbsp;<\/p>\n<table style=\"width: 100%; height: 194px;\">\n<tbody>\n<tr style=\"height: 20px;\">\n<td style=\"height: 20px; text-align: center; width: 42.9789%;\"><strong><a href=\"http:\/\/amateurfunk-goslar.eu\/?page_id=194\">UKW-Relais<\/a><\/strong><\/td>\n<td style=\"height: 20px; text-align: center; width: 28.6227%;\"><strong>&nbsp;<a href=\"http:\/\/amateurfunk-goslar.eu\/?page_id=196\">&nbsp;APRS<\/a><\/strong><\/td>\n<td style=\"height: 20px; text-align: center; width: 19.9192%;\"><a href=\"http:\/\/amateurfunk-goslar.eu\/?page_id=201\"><strong>ATV<\/strong><\/a><\/td>\n<\/tr>\n<tr style=\"height: 174px;\">\n<td style=\"height: 174px; width: 91.5208%;\" colspan=\"3\">&nbsp;<\/p>\n<p>Hier ist die aktuelle Ausbaustufe unseres neuen 19&#8243; Schrankes (mni tnx DF7AA)<br \/>\nzu sehen. Der alte Schrank war leider nicht in 19&#8243; Gr\u00f6\u00dfe ausgef\u00fchrt, es war ein<br \/>\nSonderma\u00df aus der Fernsehtechnik der 60er Jahre (ca. 20&#8243;). Dies war der Grund,<br \/>\ndie gesamte Technik in einem neuen (gebrauchten) Schrank, den Markus erstehen<br \/>\nkonnte, unterzubringen. Der APRS-Digi und das Crossbandrelais standen zuvor<br \/>\nextern auf einem Schreibtisch.<\/td>\n<\/tr>\n<\/tbody>\n<\/table>\n","protected":false},"excerpt":{"rendered":"<p>Die Technik des &#8222;Steinbergrelais&#8220; &nbsp; UKW-Relais &nbsp;&nbsp;APRS ATV &nbsp; Hier ist die aktuelle Ausbaustufe unseres neuen 19&#8243; Schrankes (mni tnx DF7AA) zu sehen. Der alte Schrank war leider nicht in 19&#8243; Gr\u00f6\u00dfe ausgef\u00fchrt, es war ein Sonderma\u00df aus der Fernsehtechnik der 60er Jahre (ca. 20&#8243;). Dies war der Grund, die gesamte Technik in einem neuen <a class=\"more-link\" href=\"https:\/\/amateurfunk-goslar.eu\/?page_id=175\">weiterlesen&#8230;<\/a><\/p>\n","protected":false},"author":1,"featured_media":0,"parent":156,"menu_order":3,"comment_status":"closed","ping_status":"closed","template":"","meta":{"ngg_post_thumbnail":0,"footnotes":""},"class_list":["post-175","page","type-page","status-publish","hentry"],"_links":{"self":[{"href":"https:\/\/amateurfunk-goslar.eu\/index.php?rest_route=\/wp\/v2\/pages\/175","targetHints":{"allow":["GET"]}}],"collection":[{"href":"https:\/\/amateurfunk-goslar.eu\/index.php?rest_route=\/wp\/v2\/pages"}],"about":[{"href":"https:\/\/amateurfunk-goslar.eu\/index.php?rest_route=\/wp\/v2\/types\/page"}],"author":[{"embeddable":true,"href":"https:\/\/amateurfunk-goslar.eu\/index.php?rest_route=\/wp\/v2\/users\/1"}],"replies":[{"embeddable":true,"href":"https:\/\/amateurfunk-goslar.eu\/index.php?rest_route=%2Fwp%2Fv2%2Fcomments&post=175"}],"version-history":[{"count":15,"href":"https:\/\/amateurfunk-goslar.eu\/index.php?rest_route=\/wp\/v2\/pages\/175\/revisions"}],"predecessor-version":[{"id":1638,"href":"https:\/\/amateurfunk-goslar.eu\/index.php?rest_route=\/wp\/v2\/pages\/175\/revisions\/1638"}],"up":[{"embeddable":true,"href":"https:\/\/amateurfunk-goslar.eu\/index.php?rest_route=\/wp\/v2\/pages\/156"}],"wp:attachment":[{"href":"https:\/\/amateurfunk-goslar.eu\/index.php?rest_route=%2Fwp%2Fv2%2Fmedia&parent=175"}],"curies":[{"name":"wp","href":"https:\/\/api.w.org\/{rel}","templated":true}]}}