{"id":166,"date":"2020-08-10T07:16:17","date_gmt":"2020-08-10T07:16:17","guid":{"rendered":"http:\/\/amateurfunk-goslar.eu\/?page_id=166"},"modified":"2024-05-19T10:29:05","modified_gmt":"2024-05-19T10:29:05","slug":"unsere-clubstationen","status":"publish","type":"page","link":"https:\/\/amateurfunk-goslar.eu\/?page_id=166","title":{"rendered":"QSL-B\u00fcro H\u00d89"},"content":{"rendered":"<h3><b>QSL-B\u00fcro und QSL-Manager bitten um Beachtung folgender Regeln:<\/b><\/h3>\n<p><b>Die Karten sollten nach IARU-Empfehlung 9 x 14 cm gro\u00df sein.<\/b><\/p>\n<p><b>Papiergewicht zwischen 170 und 240 g\/m<\/b>\u00b2.<\/p>\n<p><b>Wichtige Daten auf der Karte:<\/b><\/p>\n<p><b>Empf\u00e4ngerrufzeichen oben rechts eintragen, evtl. darunter das Managerrufzeichen. Datum, Uhrzeit (<\/b>UTC<b>), Band oder Frequenz, Betriebsart, Rapport. Wenn eine dieser Eintragungen fehlt, z\u00e4hlt die Karte nicht f\u00fcr die meisten Diplome.<\/b><\/p>\n<p><b>Bitte auf der R\u00fcckseite der Karte unten einen 1 cm breiten Rand lassen, hier wird die Codierung durch die QSL-Vermittlung aufgedruckt.<\/b><\/p>\n<p><b>Bitte das Rufzeichen der Gegenstation deutlich schreiben!<\/b><\/p>\n<p>Weitere Hinweise und n\u00fctzliche Informationen gibt es unter<\/p>\n<p><a href=\"http:\/\/www.darc.de\/geschaeftsstelle\/qsl-buero\" target=\"_blank\" rel=\"noopener noreferrer\">www.darc.de\/geschaeftsstelle\/qsl-buero<\/a> &nbsp; &#8222;Die QSL-Karte&#8220;.<\/p>\n<p>Ich w\u00fcrde mich freuen, wenn diese Tipps Beachtung f\u00e4nden.<\/p>\n<p>Wolfgang, DF9AO &nbsp; QSL-Manager<\/p>\n<p>&nbsp;<\/p>\n<h3><a href=\"http:\/\/amateurfunk-goslar.eu\/?page_id=447\">&#8211; hier geht es zu unseren Clubstationen von H\u00d89<\/a><\/h3>\n<h3><a href=\"http:\/\/amateurfunk-goslar.eu\/?page_id=456\">&#8211; hier geht es zu den QSL-Karten unserer Mitglieder von H\u00d89<\/a><\/h3>\n<h1>&nbsp;<\/h1>\n<p>&nbsp;<\/p>\n<p>&nbsp;<\/p>\n<p>&nbsp;<\/p>\n","protected":false},"excerpt":{"rendered":"<p>QSL-B\u00fcro und QSL-Manager bitten um Beachtung folgender Regeln: Die Karten sollten nach IARU-Empfehlung 9 x 14 cm gro\u00df sein. Papiergewicht zwischen 170 und 240 g\/m\u00b2. Wichtige Daten auf der Karte: Empf\u00e4ngerrufzeichen oben rechts eintragen, evtl. darunter das Managerrufzeichen. Datum, Uhrzeit (UTC), Band oder Frequenz, Betriebsart, Rapport. Wenn eine dieser Eintragungen fehlt, z\u00e4hlt die Karte nicht <a class=\"more-link\" href=\"https:\/\/amateurfunk-goslar.eu\/?page_id=166\">weiterlesen&#8230;<\/a><\/p>\n","protected":false},"author":1,"featured_media":0,"parent":153,"menu_order":3,"comment_status":"closed","ping_status":"closed","template":"","meta":{"ngg_post_thumbnail":0,"footnotes":""},"class_list":["post-166","page","type-page","status-publish","hentry"],"_links":{"self":[{"href":"https:\/\/amateurfunk-goslar.eu\/index.php?rest_route=\/wp\/v2\/pages\/166","targetHints":{"allow":["GET"]}}],"collection":[{"href":"https:\/\/amateurfunk-goslar.eu\/index.php?rest_route=\/wp\/v2\/pages"}],"about":[{"href":"https:\/\/amateurfunk-goslar.eu\/index.php?rest_route=\/wp\/v2\/types\/page"}],"author":[{"embeddable":true,"href":"https:\/\/amateurfunk-goslar.eu\/index.php?rest_route=\/wp\/v2\/users\/1"}],"replies":[{"embeddable":true,"href":"https:\/\/amateurfunk-goslar.eu\/index.php?rest_route=%2Fwp%2Fv2%2Fcomments&post=166"}],"version-history":[{"count":9,"href":"https:\/\/amateurfunk-goslar.eu\/index.php?rest_route=\/wp\/v2\/pages\/166\/revisions"}],"predecessor-version":[{"id":1619,"href":"https:\/\/amateurfunk-goslar.eu\/index.php?rest_route=\/wp\/v2\/pages\/166\/revisions\/1619"}],"up":[{"embeddable":true,"href":"https:\/\/amateurfunk-goslar.eu\/index.php?rest_route=\/wp\/v2\/pages\/153"}],"wp:attachment":[{"href":"https:\/\/amateurfunk-goslar.eu\/index.php?rest_route=%2Fwp%2Fv2%2Fmedia&parent=166"}],"curies":[{"name":"wp","href":"https:\/\/api.w.org\/{rel}","templated":true}]}}