{"id":153,"date":"2020-08-10T05:49:44","date_gmt":"2020-08-10T05:49:44","guid":{"rendered":"http:\/\/amateurfunk-goslar.eu\/?page_id=153"},"modified":"2026-03-03T08:37:02","modified_gmt":"2026-03-03T08:37:02","slug":"ortsverband-h09","status":"publish","type":"page","link":"https:\/\/amateurfunk-goslar.eu\/?page_id=153","title":{"rendered":"Ortsverband H\u00d89"},"content":{"rendered":"<div class=\"csc-default-inner\">\n<p>Wir sind ein kleiner famili\u00e4rer Amateurfunk-Ortsverband rund um Goslar. Auf diesen Seiten findest Du Aktuelles und Informationen \u00fcber Aktivit\u00e4ten, Funkbetrieb und Veranstaltungen.<\/p>\n<p>Einmal im Monat treffen wir uns, um \u00fcber aktuelle Themen rund um den Amateurfunk zu sprechen und Erfahrungen auszutauschen.<br \/>\nBei Interesse laden wir Dich v\u00f6llig unverbindlich ein, an einem unserer monatlichen OV-Abenden reinzuschnuppern.<br \/>\n<i><br \/>\nInteressierte G\u00e4ste sind bei uns immer herzlich willkommen!<\/i><\/p>\n<p>Aktuelle Termine unter:<a href=\"https:\/\/www.darc.de\/der-club\/distrikte\/h\/ortsverbaende\/09\/\" target=\"_blank\" rel=\"noopener\">Ortsverband H09<\/a><\/p>\n<p>&nbsp;<\/p>\n<p>&nbsp;<\/p>\n<p class=\"align-center\"><b>G\u00e4ste sind immer herzlich willkommen.<\/b> <b>Dies gilt besonders auch f\u00fcr unsere<br \/>\n<\/b><b>XYL&#8217;s und YL&#8217;s.<\/b><\/p>\n<p><i>&nbsp;<\/i><\/p>\n<\/div>\n","protected":false},"excerpt":{"rendered":"<p>Wir sind ein kleiner famili\u00e4rer Amateurfunk-Ortsverband rund um Goslar. Auf diesen Seiten findest Du Aktuelles und Informationen \u00fcber Aktivit\u00e4ten, Funkbetrieb und Veranstaltungen. Einmal im Monat treffen wir uns, um \u00fcber aktuelle Themen rund um den Amateurfunk zu sprechen und Erfahrungen auszutauschen. Bei Interesse laden wir Dich v\u00f6llig unverbindlich ein, an einem unserer monatlichen OV-Abenden reinzuschnuppern. <a class=\"more-link\" href=\"https:\/\/amateurfunk-goslar.eu\/?page_id=153\">weiterlesen&#8230;<\/a><\/p>\n","protected":false},"author":1,"featured_media":0,"parent":0,"menu_order":2,"comment_status":"closed","ping_status":"closed","template":"","meta":{"ngg_post_thumbnail":0,"footnotes":""},"class_list":["post-153","page","type-page","status-publish","hentry"],"_links":{"self":[{"href":"https:\/\/amateurfunk-goslar.eu\/index.php?rest_route=\/wp\/v2\/pages\/153","targetHints":{"allow":["GET"]}}],"collection":[{"href":"https:\/\/amateurfunk-goslar.eu\/index.php?rest_route=\/wp\/v2\/pages"}],"about":[{"href":"https:\/\/amateurfunk-goslar.eu\/index.php?rest_route=\/wp\/v2\/types\/page"}],"author":[{"embeddable":true,"href":"https:\/\/amateurfunk-goslar.eu\/index.php?rest_route=\/wp\/v2\/users\/1"}],"replies":[{"embeddable":true,"href":"https:\/\/amateurfunk-goslar.eu\/index.php?rest_route=%2Fwp%2Fv2%2Fcomments&post=153"}],"version-history":[{"count":14,"href":"https:\/\/amateurfunk-goslar.eu\/index.php?rest_route=\/wp\/v2\/pages\/153\/revisions"}],"predecessor-version":[{"id":1661,"href":"https:\/\/amateurfunk-goslar.eu\/index.php?rest_route=\/wp\/v2\/pages\/153\/revisions\/1661"}],"wp:attachment":[{"href":"https:\/\/amateurfunk-goslar.eu\/index.php?rest_route=%2Fwp%2Fv2%2Fmedia&parent=153"}],"curies":[{"name":"wp","href":"https:\/\/api.w.org\/{rel}","templated":true}]}}