{"id":1299,"date":"2021-12-15T19:36:11","date_gmt":"2021-12-15T19:36:11","guid":{"rendered":"https:\/\/amateurfunk-goslar.eu\/?page_id=1299"},"modified":"2022-09-16T05:51:19","modified_gmt":"2022-09-16T05:51:19","slug":"webcam-db0gsh","status":"publish","type":"page","link":"https:\/\/amateurfunk-goslar.eu\/?page_id=1299","title":{"rendered":"Webcam DB0GSH"},"content":{"rendered":"<p><strong><span style=\"font-family: arial, helvetica, sans-serif; font-size: 20px;\">Unsere Webcam \u00fcber Goslar am Steinbergrelais DB0GSH<br \/>\n<\/span><\/strong><span style=\"font-size: 14px; font-family: arial, helvetica, sans-serif;\">Wir d\u00fcrfen Sie hier herzlich mit einem grandiosen Blick \u00fcber Goslar begr\u00fc\u00dfen.<br \/>\nNutzen Sie einfach diesen sch\u00f6nen Ausblick \u00fcber Goslar<\/span><\/p>\n<p>&nbsp;<\/p>\n<p><img loading=\"lazy\" decoding=\"async\" class=\"\" src=\"http:\/\/amateurfunk-goslar.eu\/wp-content\/gallery\/webcam\/Goslar.jpg\" alt=\"\" width=\"836\" height=\"627\" \/><br \/>\nStandort: Steinbergrelais\/ Goslar H\u00f6he 513 m \u00fc\/\/NN\u00a0\u00a0\u00a0\u00a0\u00a0\u00a0\u00a0 <span style=\"font-size: 10px;\">Das Bild aktualisiert sich alle <strong>60sek<\/strong> selbstst\u00e4ndig.<\/span><\/p>\n<p>&nbsp;<\/p>\n","protected":false},"excerpt":{"rendered":"<p>Unsere Webcam \u00fcber Goslar am Steinbergrelais DB0GSH Wir d\u00fcrfen Sie hier herzlich mit einem grandiosen Blick \u00fcber Goslar begr\u00fc\u00dfen. Nutzen Sie einfach diesen sch\u00f6nen Ausblick \u00fcber Goslar &nbsp; Standort: Steinbergrelais\/ Goslar H\u00f6he 513 m \u00fc\/\/NN\u00a0\u00a0\u00a0\u00a0\u00a0\u00a0\u00a0 Das Bild aktualisiert sich alle 60sek selbstst\u00e4ndig. &nbsp;<\/p>\n","protected":false},"author":1,"featured_media":0,"parent":0,"menu_order":0,"comment_status":"closed","ping_status":"closed","template":"","meta":{"ngg_post_thumbnail":0,"footnotes":""},"class_list":["post-1299","page","type-page","status-publish","hentry"],"_links":{"self":[{"href":"https:\/\/amateurfunk-goslar.eu\/index.php?rest_route=\/wp\/v2\/pages\/1299","targetHints":{"allow":["GET"]}}],"collection":[{"href":"https:\/\/amateurfunk-goslar.eu\/index.php?rest_route=\/wp\/v2\/pages"}],"about":[{"href":"https:\/\/amateurfunk-goslar.eu\/index.php?rest_route=\/wp\/v2\/types\/page"}],"author":[{"embeddable":true,"href":"https:\/\/amateurfunk-goslar.eu\/index.php?rest_route=\/wp\/v2\/users\/1"}],"replies":[{"embeddable":true,"href":"https:\/\/amateurfunk-goslar.eu\/index.php?rest_route=%2Fwp%2Fv2%2Fcomments&post=1299"}],"version-history":[{"count":84,"href":"https:\/\/amateurfunk-goslar.eu\/index.php?rest_route=\/wp\/v2\/pages\/1299\/revisions"}],"predecessor-version":[{"id":1561,"href":"https:\/\/amateurfunk-goslar.eu\/index.php?rest_route=\/wp\/v2\/pages\/1299\/revisions\/1561"}],"wp:attachment":[{"href":"https:\/\/amateurfunk-goslar.eu\/index.php?rest_route=%2Fwp%2Fv2%2Fmedia&parent=1299"}],"curies":[{"name":"wp","href":"https:\/\/api.w.org\/{rel}","templated":true}]}}